{"id":23,"date":"2023-07-26T20:42:44","date_gmt":"2023-07-26T20:42:44","guid":{"rendered":"https:\/\/webmasta.ch\/develop\/thirai\/?page_id=23"},"modified":"2024-10-25T08:52:44","modified_gmt":"2024-10-25T08:52:44","slug":"accueil","status":"publish","type":"page","link":"https:\/\/thirai.fr\/ta\/","title":{"rendered":"\u0bae\u0bc1\u0ba4\u0bb1\u0bcd\u0baa\u0b95\u0bcd\u0b95\u0bae\u0bcd"},"content":{"rendered":"<div data-elementor-type=\"wp-page\" data-elementor-id=\"23\" class=\"elementor elementor-23\">\n\t\t\t\t\t\t<section class=\"elementor-section elementor-top-section elementor-element elementor-element-4067ee9 elementor-section-full_width elementor-section-height-default elementor-section-height-default\" data-id=\"4067ee9\" data-element_type=\"section\" data-settings=\"{&quot;background_background&quot;:&quot;classic&quot;}\">\n\t\t\t\t\t\t\t<div class=\"elementor-background-overlay\"><\/div>\n\t\t\t\t\t\t\t<div class=\"elementor-container elementor-column-gap-default\">\n\t\t\t\t\t<div class=\"elementor-column elementor-col-100 elementor-top-column elementor-element elementor-element-3d7e235\" data-id=\"3d7e235\" data-element_type=\"column\">\n\t\t\t<div class=\"elementor-widget-wrap elementor-element-populated\">\n\t\t\t\t\t\t<div class=\"elementor-element elementor-element-d32f8de elementor-widget elementor-widget-heading\" data-id=\"d32f8de\" data-element_type=\"widget\" data-widget_type=\"heading.default\">\n\t\t\t\t<div class=\"elementor-widget-container\">\n\t\t\t<h2 class=\"elementor-heading-title elementor-size-default\">Thirai<\/h2>\t\t<\/div>\n\t\t\t\t<\/div>\n\t\t\t\t<div class=\"elementor-element elementor-element-464c8f9 elementor-widget elementor-widget-heading\" data-id=\"464c8f9\" data-element_type=\"widget\" data-widget_type=\"heading.default\">\n\t\t\t\t<div class=\"elementor-widget-container\">\n\t\t\t<h2 class=\"elementor-heading-title elementor-size-default\">\u0baa\u0bbf\u0bb0\u0bbe\u0ba9\u0bcd\u0bb8\u0bcd<\/h2>\t\t<\/div>\n\t\t\t\t<\/div>\n\t\t\t\t<div class=\"elementor-element elementor-element-78b42ec elementor-widget elementor-widget-text-editor\" data-id=\"78b42ec\" data-element_type=\"widget\" data-widget_type=\"text-editor.default\">\n\t\t\t\t<div class=\"elementor-widget-container\">\n\t\t\t\t\t\t\t\u0b89\u0b99\u0bcd\u0b95\u0bb3\u0bbf\u0ba9\u0bcd \u0bae\u0bbf\u0b95\u0b9a\u0bcd\u0b9a\u0bbf\u0bb1\u0ba8\u0bcd\u0ba4 \u0b9a\u0bbf\u0ba9\u0bbf\u0bae\u0bbe \u0ba4\u0bc6\u0bb0\u0bbf\u0bb5\u0bbe\u0b95 \u0ba4\u0bbf\u0bb0\u0bc8 - \u0baa\u0bca\u0bb4\u0bc1\u0ba4\u0bc1\u0baa\u0bcb\u0b95\u0bcd\u0b95\u0bc1 \u0bae\u0bb1\u0bcd\u0bb1\u0bc1\u0bae\u0bcd \u0b9a\u0bbf\u0bb1\u0ba8\u0bcd\u0ba4 \u0b9a\u0bbf\u0ba9\u0bbf\u0bae\u0bbe\u0bb5\u0bbf\u0bb1\u0bcd\u0b95\u0bbe\u0ba9 \u0b89\u0b99\u0bcd\u0b95\u0bb3\u0bbf\u0ba9\u0bcd \u0ba4\u0bc7\u0bb0\u0bcd\u0bb5\u0bc1!\t\t\t\t\t\t<\/div>\n\t\t\t\t<\/div>\n\t\t\t\t\t<\/div>\n\t\t<\/div>\n\t\t\t\t\t<\/div>\n\t\t<\/section>\n\t\t\t\t<section class=\"elementor-section elementor-top-section elementor-element elementor-element-c281fdd elementor-section-boxed elementor-section-height-default elementor-section-height-default\" data-id=\"c281fdd\" data-element_type=\"section\" data-settings=\"{&quot;background_background&quot;:&quot;classic&quot;}\">\n\t\t\t\t\t\t<div class=\"elementor-container elementor-column-gap-default\">\n\t\t\t\t\t<div class=\"elementor-column elementor-col-100 elementor-top-column elementor-element elementor-element-4a5115e\" data-id=\"4a5115e\" data-element_type=\"column\">\n\t\t\t<div class=\"elementor-widget-wrap elementor-element-populated\">\n\t\t\t\t\t\t<section class=\"elementor-section elementor-inner-section elementor-element elementor-element-9a36502 elementor-section-content-middle elementor-section-boxed elementor-section-height-default elementor-section-height-default\" data-id=\"9a36502\" data-element_type=\"section\">\n\t\t\t\t\t\t<div class=\"elementor-container elementor-column-gap-default\">\n\t\t\t\t\t<div class=\"elementor-column elementor-col-50 elementor-inner-column elementor-element elementor-element-b91fa67\" data-id=\"b91fa67\" data-element_type=\"column\">\n\t\t\t<div class=\"elementor-widget-wrap elementor-element-populated\">\n\t\t\t\t\t\t<div class=\"elementor-element elementor-element-e271a94 elementor-widget elementor-widget-image\" data-id=\"e271a94\" data-element_type=\"widget\" data-widget_type=\"image.default\">\n\t\t\t\t<div class=\"elementor-widget-container\">\n\t\t\t\t\t\t\t\t\t\t\t\t\t<img fetchpriority=\"high\" decoding=\"async\" width=\"800\" height=\"552\" src=\"https:\/\/thirai.fr\/wp-content\/uploads\/2024\/10\/thirai-layout-1024x706-1.webp\" class=\"attachment-large size-large wp-image-1185\" alt=\"thirai-layout\" srcset=\"https:\/\/thirai.fr\/wp-content\/uploads\/2024\/10\/thirai-layout-1024x706-1.webp 1024w, https:\/\/thirai.fr\/wp-content\/uploads\/2024\/10\/thirai-layout-1024x706-1-300x207.webp 300w, https:\/\/thirai.fr\/wp-content\/uploads\/2024\/10\/thirai-layout-1024x706-1-768x530.webp 768w\" sizes=\"(max-width: 800px) 100vw, 800px\" \/>\t\t\t\t\t\t\t\t\t\t\t\t\t<\/div>\n\t\t\t\t<\/div>\n\t\t\t\t\t<\/div>\n\t\t<\/div>\n\t\t\t\t<div class=\"elementor-column elementor-col-50 elementor-inner-column elementor-element elementor-element-fb081d6\" data-id=\"fb081d6\" data-element_type=\"column\">\n\t\t\t<div class=\"elementor-widget-wrap elementor-element-populated\">\n\t\t\t\t\t\t<div class=\"elementor-element elementor-element-fd0e7d7 elementor-widget elementor-widget-heading\" data-id=\"fd0e7d7\" data-element_type=\"widget\" data-widget_type=\"heading.default\">\n\t\t\t\t<div class=\"elementor-widget-container\">\n\t\t\t<h2 class=\"elementor-heading-title elementor-size-default\">\u0ba4\u0bbf\u0bb0\u0bc8 \u0baa\u0bbf\u0bb0\u0bbe\u0ba9\u0bcd\u0b9a\u0bc1\u0b95\u0bcd\u0b95\u0bc1 \u0bb5\u0bb0\u0bb5\u0bc7\u0bb1\u0bcd\u0b95\u0bbf\u0bb1\u0bcb\u0bae\u0bcd<\/h2>\t\t<\/div>\n\t\t\t\t<\/div>\n\t\t\t\t<div class=\"elementor-element elementor-element-52faa50 elementor-widget elementor-widget-heading\" data-id=\"52faa50\" data-element_type=\"widget\" data-widget_type=\"heading.default\">\n\t\t\t\t<div class=\"elementor-widget-container\">\n\t\t\t<h2 class=\"elementor-heading-title elementor-size-default\">\u0b9a\u0bbf\u0bb1\u0ba8\u0bcd\u0ba4 \u0ba4\u0bbf\u0bb0\u0bc8\u0baa\u0bcd\u0baa\u0b9f\u0b99\u0bcd\u0b95\u0bb3\u0bc8 \u0b95\u0bbe\u0ba3\u0bcd\u0baa\u0ba4\u0bb1\u0bcd\u0b95\u0bc1,<\/h2>\t\t<\/div>\n\t\t\t\t<\/div>\n\t\t\t\t<div class=\"elementor-element elementor-element-de1d9c8 elementor-widget-divider--view-line elementor-widget elementor-widget-divider\" data-id=\"de1d9c8\" data-element_type=\"widget\" data-widget_type=\"divider.default\">\n\t\t\t\t<div class=\"elementor-widget-container\">\n\t\t\t\t\t<div class=\"elementor-divider\">\n\t\t\t<span class=\"elementor-divider-separator\">\n\t\t\t\t\t\t<\/span>\n\t\t<\/div>\n\t\t\t\t<\/div>\n\t\t\t\t<\/div>\n\t\t\t\t<div class=\"elementor-element elementor-element-69e060d elementor-widget elementor-widget-text-editor\" data-id=\"69e060d\" data-element_type=\"widget\" data-widget_type=\"text-editor.default\">\n\t\t\t\t<div class=\"elementor-widget-container\">\n\t\t\t\t\t\t\t\u0ba4\u0bbf\u0bb0\u0bc8\u0baf\u0bc1\u0b9f\u0ba9\u0bcd \u0b9a\u0bbf\u0ba9\u0bbf\u0bae\u0bbe \u0b89\u0bb2\u0b95\u0bc8 \u0b85\u0ba9\u0bc1\u0baa\u0bb5\u0bbf\u0b95\u0bcd\u0b95 \u0bb5\u0bbe\u0bb0\u0bc1\u0b99\u0bcd\u0b95\u0bb3\u0bcd! \u0ba4\u0bbf\u0bb0\u0bc8\u0baa\u0bcd\u0baa\u0b9f\u0b99\u0bcd\u0b95\u0bb3\u0bcd \u0b8e\u0ba9\u0bcd\u0ba9\u0bc1\u0bae\u0bcd \u0bae\u0bbe\u0baf\u0bbe\u0b9c\u0bbe\u0bb2\u0bae\u0bcd \u0ba8\u0bae\u0bcd\u0bae\u0bc8 \u0bb5\u0bc6\u0b95\u0bc1\u0bb5\u0bbe\u0b95\u0b95\u0bcd \u0b95\u0bb5\u0bb0\u0bcd\u0b95\u0bbf\u0bb1\u0ba4\u0bc1. \u0b85\u0ba8\u0bcd\u0ba4 \u0b86\u0bb1\u0bcd\u0bb1\u0bb2\u0bcd \u0ba8\u0bae\u0b95\u0bcd\u0b95\u0bc1 \u0bae\u0b9f\u0bcd\u0b9f\u0bc1\u0bae\u0bbf\u0bb2\u0bcd\u0bb2\u0bc8 \u0b89\u0b99\u0bcd\u0b95\u0bb3\u0bc1\u0b95\u0bcd\u0b95\u0bc1\u0bae\u0bcd\u0ba4\u0bbe\u0ba9\u0bcd! \u0ba8\u0bc0\u0b99\u0bcd\u0b95\u0bb3\u0bcd \u0ba4\u0bc0\u0bb5\u0bbf\u0bb0\u0bae\u0bbe\u0ba9 \u0b9a\u0bbf\u0ba9\u0bbf\u0bae\u0bbe \u0bb0\u0b9a\u0bbf\u0b95\u0bb0\u0bbe\u0b95 \u0b87\u0bb0\u0bc1\u0ba8\u0bcd\u0ba4\u0bbe\u0bb2\u0bcb \u0b9a\u0bbe\u0ba4\u0bbe\u0bb0\u0ba3\u0bae\u0bbe\u0b95\u0baa\u0bcd \u0baa\u0bbe\u0bb0\u0bcd\u0baa\u0bcd\u0baa\u0bb5\u0bb0\u0bbe\u0b95 \u0b87\u0bb0\u0bc1\u0ba8\u0bcd\u0ba4\u0bbe\u0bb2\u0bcb \u0b85\u0bb2\u0bcd\u0bb2\u0ba4\u0bc1 \u0b89\u0b99\u0bcd\u0b95\u0bb3\u0bcd \u0ba8\u0ba3\u0bcd\u0baa\u0bb0\u0bcd\u0b95\u0bb3\u0bc1\u0b9f\u0ba9\u0bcd \u0b92\u0bb0\u0bc1 \u0ba8\u0bb2\u0bcd\u0bb2 \u0ba8\u0bc7\u0bb0\u0ba4\u0bcd\u0ba4\u0bc8 \u0b95\u0bca\u0ba3\u0bcd\u0b9f\u0bbe\u0b9f \u0bb5\u0bbf\u0bb0\u0bc1\u0bae\u0bcd\u0baa\u0bc1\u0b95\u0bbf\u0bb1\u0bb5\u0bb0\u0bbe\u0b95 \u0b87\u0bb0\u0bc1\u0ba8\u0bcd\u0ba4\u0bbe\u0bb2\u0bcb, \u0ba4\u0bbf\u0bb0\u0bc8\u0baf\u0bc1\u0b9f\u0ba9\u0bcd \u0b89\u0b99\u0bcd\u0b95\u0bb3\u0bbf\u0ba9\u0bcd \u0b86\u0b9a\u0bc8\u0b95\u0bb3\u0bcd \u0b85\u0ba9\u0bc8\u0ba4\u0bcd\u0ba4\u0bc8\u0baf\u0bc1\u0bae\u0bcd \u0baa\u0bc2\u0bb0\u0bcd\u0ba4\u0bcd\u0ba4\u0bbf \u0b9a\u0bc6\u0baf\u0bcd\u0baf\u0bb2\u0bbe\u0bae\u0bcd. \u0ba4\u0bb0\u0bae\u0bbe\u0ba9 \u0ba4\u0bbf\u0bb0\u0bc8\u0baa\u0bcd\u0baa\u0b9f \u0ba4\u0b95\u0bb5\u0bb2\u0bcd\u0b95\u0bb3\u0bc8, \u0baa\u0bc1\u0ba4\u0bc1 \u0bb5\u0bc6\u0bb3\u0bbf\u0baf\u0bc0\u0b9f\u0bcd\u0b9f\u0bc1 \u0b85\u0bb1\u0bbf\u0bb5\u0bbf\u0baa\u0bcd\u0baa\u0bc1\u0b95\u0bb3\u0bc8, \u0bb5\u0bbf\u0bae\u0bb0\u0bcd\u0b9a\u0ba9\u0b99\u0bcd\u0b95\u0bb3\u0bc8, \u0bae\u0bb1\u0bcd\u0bb1\u0bc1\u0bae\u0bcd \u0b9a\u0bc1\u0bb5\u0bbe\u0bb0\u0bb8\u0bcd\u0baf\u0bae\u0bbe\u0ba9 \u0baa\u0bbf\u0ba9\u0bcd\u0ba4\u0bca\u0b95\u0bc1\u0baa\u0bcd\u0baa\u0bc1\u0b95\u0bb3\u0bc8\u0baf\u0bc1\u0bae\u0bcd \u0baa\u0bc6\u0bb1\u0bcd\u0bb1\u0bbf\u0b9f, \u0ba4\u0bbf\u0bb0\u0bc8\u0baf\u0bc1\u0b9f\u0ba9\u0bcd \u0b87\u0ba3\u0bc8\u0ba8\u0bcd\u0ba4\u0bc1 \u0b87\u0bb0\u0bc1\u0b99\u0bcd\u0b95\u0bb3\u0bcd.\t\t\t\t\t\t<\/div>\n\t\t\t\t<\/div>\n\t\t\t\t\t<\/div>\n\t\t<\/div>\n\t\t\t\t\t<\/div>\n\t\t<\/section>\n\t\t\t\t\t<\/div>\n\t\t<\/div>\n\t\t\t\t\t<\/div>\n\t\t<\/section>\n\t\t\t\t<\/div>","protected":false},"excerpt":{"rendered":"<p>Thirai France Votre partenaire ultime &#8211; Pour plus de films, plus de divertissement et une plus grande exp\u00e9rience cin\u00e9matographique. Bienvenue \u00e0 Thirai France Votre destination ultime pour les sorties de films ! Chez Thirai, nous sommes passionn\u00e9s de cin\u00e9ma et nous savons que vous l&rsquo;\u00eates aussi ! Que vous soyez un cin\u00e9phile inv\u00e9t\u00e9r\u00e9, un spectateur [&hellip;]<\/p>","protected":false},"author":1,"featured_media":0,"parent":0,"menu_order":0,"comment_status":"closed","ping_status":"closed","template":"elementor_header_footer","meta":{"footnotes":""},"class_list":["post-23","page","type-page","status-publish","hentry"],"_links":{"self":[{"href":"https:\/\/thirai.fr\/ta\/wp-json\/wp\/v2\/pages\/23","targetHints":{"allow":["GET"]}}],"collection":[{"href":"https:\/\/thirai.fr\/ta\/wp-json\/wp\/v2\/pages"}],"about":[{"href":"https:\/\/thirai.fr\/ta\/wp-json\/wp\/v2\/types\/page"}],"author":[{"embeddable":true,"href":"https:\/\/thirai.fr\/ta\/wp-json\/wp\/v2\/users\/1"}],"replies":[{"embeddable":true,"href":"https:\/\/thirai.fr\/ta\/wp-json\/wp\/v2\/comments?post=23"}],"version-history":[{"count":458,"href":"https:\/\/thirai.fr\/ta\/wp-json\/wp\/v2\/pages\/23\/revisions"}],"predecessor-version":[{"id":1188,"href":"https:\/\/thirai.fr\/ta\/wp-json\/wp\/v2\/pages\/23\/revisions\/1188"}],"wp:attachment":[{"href":"https:\/\/thirai.fr\/ta\/wp-json\/wp\/v2\/media?parent=23"}],"curies":[{"name":"wp","href":"https:\/\/api.w.org\/{rel}","templated":true}]}}