{"id":572,"date":"2023-08-14T12:12:58","date_gmt":"2023-08-14T12:12:58","guid":{"rendered":"https:\/\/webmasta.ch\/develop\/thirai\/?page_id=572"},"modified":"2024-11-22T08:13:44","modified_gmt":"2024-11-22T08:13:44","slug":"contact","status":"publish","type":"page","link":"https:\/\/thirai.fr\/ta\/contact\/","title":{"rendered":"\u0ba4\u0bca\u0b9f\u0bb0\u0bcd\u0baa\u0bc1"},"content":{"rendered":"<div data-elementor-type=\"wp-page\" data-elementor-id=\"572\" class=\"elementor elementor-572\">\n\t\t\t\t\t\t<section class=\"elementor-section elementor-top-section elementor-element elementor-element-4759747 elementor-section-full_width elementor-section-height-default elementor-section-height-default\" data-id=\"4759747\" data-element_type=\"section\" data-settings=\"{&quot;background_background&quot;:&quot;classic&quot;}\">\n\t\t\t\t\t\t\t<div class=\"elementor-background-overlay\"><\/div>\n\t\t\t\t\t\t\t<div class=\"elementor-container elementor-column-gap-default\">\n\t\t\t\t\t<div class=\"elementor-column elementor-col-100 elementor-top-column elementor-element elementor-element-45aeae1\" data-id=\"45aeae1\" data-element_type=\"column\">\n\t\t\t<div class=\"elementor-widget-wrap elementor-element-populated\">\n\t\t\t\t\t\t<div class=\"elementor-element elementor-element-0821641 elementor-widget elementor-widget-heading\" data-id=\"0821641\" data-element_type=\"widget\" data-widget_type=\"heading.default\">\n\t\t\t\t<div class=\"elementor-widget-container\">\n\t\t\t<h2 class=\"elementor-heading-title elementor-size-default\">\u0b8e\u0b99\u0bcd\u0b95\u0bb3\u0bc8 \u0ba4\u0bca\u0b9f\u0bb0\u0bcd\u0baa\u0bc1 \u0b95\u0bca\u0bb3\u0bcd\u0bb3\u0bc1\u0b99\u0bcd\u0b95\u0bb3\u0bcd<\/h2>\t\t<\/div>\n\t\t\t\t<\/div>\n\t\t\t\t<div class=\"elementor-element elementor-element-404a5a1 elementor-widget elementor-widget-text-editor\" data-id=\"404a5a1\" data-element_type=\"widget\" data-widget_type=\"text-editor.default\">\n\t\t\t\t<div class=\"elementor-widget-container\">\n\t\t\t\t\t\t\t\u0baa\u0bc1\u0ba4\u0bbf\u0baf \u0baa\u0bc1\u0ba4\u0bbf\u0baf \u0b9a\u0bbf\u0ba9\u0bbf\u0bae\u0bbe \u0ba4\u0b95\u0bb5\u0bb2\u0bcd\u0b95\u0bb3\u0bc1\u0b95\u0bcd\u0b95\u0bbe\u0b95 \u0b8e\u0b99\u0bcd\u0b95\u0bb3\u0bc1\u0b9f\u0ba9\u0bcd \u0b87\u0ba3\u0bc8\u0ba8\u0bcd\u0ba4\u0bc1 \u0b87\u0bb0\u0bc1\u0b99\u0bcd\u0b95\u0bb3\u0bcd.\t\t\t\t\t\t<\/div>\n\t\t\t\t<\/div>\n\t\t\t\t\t<\/div>\n\t\t<\/div>\n\t\t\t\t\t<\/div>\n\t\t<\/section>\n\t\t\t\t<section class=\"elementor-section elementor-top-section elementor-element elementor-element-03f0ddb elementor-section-boxed elementor-section-height-default elementor-section-height-default\" data-id=\"03f0ddb\" data-element_type=\"section\" data-settings=\"{&quot;background_background&quot;:&quot;classic&quot;}\">\n\t\t\t\t\t\t<div class=\"elementor-container elementor-column-gap-default\">\n\t\t\t\t\t<div class=\"elementor-column elementor-col-100 elementor-top-column elementor-element elementor-element-24bb02f\" data-id=\"24bb02f\" data-element_type=\"column\">\n\t\t\t<div class=\"elementor-widget-wrap elementor-element-populated\">\n\t\t\t\t\t\t<section class=\"elementor-section elementor-inner-section elementor-element elementor-element-be71202 elementor-reverse-mobile elementor-section-boxed elementor-section-height-default elementor-section-height-default\" data-id=\"be71202\" data-element_type=\"section\">\n\t\t\t\t\t\t<div class=\"elementor-container elementor-column-gap-default\">\n\t\t\t\t\t<div class=\"elementor-column elementor-col-50 elementor-inner-column elementor-element elementor-element-2c8bfda\" data-id=\"2c8bfda\" data-element_type=\"column\" data-settings=\"{&quot;background_background&quot;:&quot;classic&quot;}\">\n\t\t\t<div class=\"elementor-widget-wrap elementor-element-populated\">\n\t\t\t\t\t\t<div class=\"elementor-element elementor-element-3d9ca854 elementor-widget elementor-widget-heading\" data-id=\"3d9ca854\" data-element_type=\"widget\" data-widget_type=\"heading.default\">\n\t\t\t\t<div class=\"elementor-widget-container\">\n\t\t\t<h4 class=\"elementor-heading-title elementor-size-default\">\u0b89\u0b99\u0bcd\u0b95\u0bb3\u0bc1\u0b95\u0bcd\u0b95\u0bc1 \u0b95\u0bc7\u0bb3\u0bcd\u0bb5\u0bbf \u0b85\u0bb2\u0bcd\u0bb2\u0ba4\u0bc1 \u0b95\u0bb0\u0bc1\u0ba4\u0bcd\u0ba4\u0bc1 \u0b89\u0bb3\u0bcd\u0bb3\u0ba4\u0bbe? \u0b8e\u0b99\u0bcd\u0b95\u0bb3\u0bc1\u0b95\u0bcd\u0b95\u0bc1 \u0b92\u0bb0\u0bc1 \u0b9a\u0bc6\u0baf\u0bcd\u0ba4\u0bbf \u0b85\u0ba9\u0bc1\u0baa\u0bcd\u0baa\u0bc1\u0b99\u0bcd\u0b95\u0bb3\u0bcd!<\/h4>\t\t<\/div>\n\t\t\t\t<\/div>\n\t\t\t\t<div class=\"elementor-element elementor-element-0ca0449 elementor-widget elementor-widget-text-editor\" data-id=\"0ca0449\" data-element_type=\"widget\" data-widget_type=\"text-editor.default\">\n\t\t\t\t<div class=\"elementor-widget-container\">\n\t\t\t\t\t\t\t\u0ba8\u0bbe\u0b99\u0bcd\u0b95\u0bb3\u0bcd \u0b8e\u0b99\u0bcd\u0b95\u0bb3\u0bcd \u0bb5\u0bbe\u0b9f\u0bbf\u0b95\u0bcd\u0b95\u0bc8\u0baf\u0bbe\u0bb3\u0bb0\u0bcd\u0b95\u0bb3\u0bc1\u0b95\u0bcd\u0b95\u0bc1 \u0b9a\u0bbf\u0bb1\u0ba8\u0bcd\u0ba4 \u0b85\u0ba9\u0bc1\u0baa\u0bb5\u0ba4\u0bcd\u0ba4\u0bc8 \u0bb5\u0bb4\u0b99\u0bcd\u0b95 \u0b89\u0bb1\u0bc1\u0ba4\u0bbf\u0baf\u0bb3\u0bbf\u0ba4\u0bcd\u0ba4\u0bc1\u0bb3\u0bcd\u0bb3\u0bcb\u0bae\u0bcd\t\t\t\t\t\t<\/div>\n\t\t\t\t<\/div>\n\t\t\t\t<div class=\"elementor-element elementor-element-b99c231 elementor-widget elementor-widget-heading\" data-id=\"b99c231\" data-element_type=\"widget\" data-widget_type=\"heading.default\">\n\t\t\t\t<div class=\"elementor-widget-container\">\n\t\t\t<h4 class=\"elementor-heading-title elementor-size-default\">\u0ba4\u0bca\u0b9f\u0bb0\u0bcd\u0baa\u0bc1\u0b95\u0bb3\u0bc1\u0b95\u0bcd\u0b95\u0bc1<\/h4>\t\t<\/div>\n\t\t\t\t<\/div>\n\t\t\t\t<div class=\"elementor-element elementor-element-d4e5b53 elementor-widget-divider--view-line elementor-widget elementor-widget-divider\" data-id=\"d4e5b53\" data-element_type=\"widget\" data-widget_type=\"divider.default\">\n\t\t\t\t<div class=\"elementor-widget-container\">\n\t\t\t\t\t<div class=\"elementor-divider\">\n\t\t\t<span class=\"elementor-divider-separator\">\n\t\t\t\t\t\t<\/span>\n\t\t<\/div>\n\t\t\t\t<\/div>\n\t\t\t\t<\/div>\n\t\t\t\t<div class=\"elementor-element elementor-element-d65ac96 elementor-icon-list--layout-traditional elementor-list-item-link-full_width elementor-widget elementor-widget-icon-list\" data-id=\"d65ac96\" data-element_type=\"widget\" data-widget_type=\"icon-list.default\">\n\t\t\t\t<div class=\"elementor-widget-container\">\n\t\t\t\t\t<ul class=\"elementor-icon-list-items\">\n\t\t\t\t\t\t\t<li class=\"elementor-icon-list-item\">\n\t\t\t\t\t\t\t\t\t\t\t<a href=\"mailto:info@thirai.fr\">\n\n\t\t\t\t\t\t\t\t\t\t\t\t<span class=\"elementor-icon-list-icon\">\n\t\t\t\t\t\t\t<i aria-hidden=\"true\" class=\"fas fa-envelope\"><\/i>\t\t\t\t\t\t<\/span>\n\t\t\t\t\t\t\t\t\t\t<span class=\"elementor-icon-list-text\">info@thirai.fr<\/span>\n\t\t\t\t\t\t\t\t\t\t\t<\/a>\n\t\t\t\t\t\t\t\t\t<\/li>\n\t\t\t\t\t\t<\/ul>\n\t\t\t\t<\/div>\n\t\t\t\t<\/div>\n\t\t\t\t<div class=\"elementor-element elementor-element-1256b10 elementor-shape-circle elementor-grid-5 elementor-grid-mobile-4 e-grid-align-mobile-left e-grid-align-left e-grid-align-tablet-left elementor-widget elementor-widget-social-icons\" data-id=\"1256b10\" data-element_type=\"widget\" data-widget_type=\"social-icons.default\">\n\t\t\t\t<div class=\"elementor-widget-container\">\n\t\t\t\t\t<div class=\"elementor-social-icons-wrapper elementor-grid\">\n\t\t\t\t\t\t\t<span class=\"elementor-grid-item\">\n\t\t\t\t\t<a class=\"elementor-icon elementor-social-icon elementor-social-icon-facebook elementor-animation-float elementor-repeater-item-71dd998\" href=\"https:\/\/web.facebook.com\/thirai.fr\/\" target=\"_blank\">\n\t\t\t\t\t\t<span class=\"elementor-screen-only\">Facebook<\/span>\n\t\t\t\t\t\t<i class=\"fab fa-facebook\"><\/i>\t\t\t\t\t<\/a>\n\t\t\t\t<\/span>\n\t\t\t\t\t\t\t<span class=\"elementor-grid-item\">\n\t\t\t\t\t<a class=\"elementor-icon elementor-social-icon elementor-social-icon-instagram elementor-animation-float elementor-repeater-item-5f0ed35\" href=\"https:\/\/www.instagram.com\/thirai.fr\/?igsh=NTJqanBkZ2d2bDE0\" target=\"_blank\">\n\t\t\t\t\t\t<span class=\"elementor-screen-only\">Instagram<\/span>\n\t\t\t\t\t\t<i class=\"fab fa-instagram\"><\/i>\t\t\t\t\t<\/a>\n\t\t\t\t<\/span>\n\t\t\t\t\t\t\t<span class=\"elementor-grid-item\">\n\t\t\t\t\t<a class=\"elementor-icon elementor-social-icon elementor-social-icon-twitter elementor-animation-float elementor-repeater-item-95f1ec1\" target=\"_blank\">\n\t\t\t\t\t\t<span class=\"elementor-screen-only\">Twitter<\/span>\n\t\t\t\t\t\t<i class=\"fab fa-twitter\"><\/i>\t\t\t\t\t<\/a>\n\t\t\t\t<\/span>\n\t\t\t\t\t\t\t<span class=\"elementor-grid-item\">\n\t\t\t\t\t<a class=\"elementor-icon elementor-social-icon elementor-social-icon-tiktok elementor-animation-float elementor-repeater-item-a0aae4f\" target=\"_blank\">\n\t\t\t\t\t\t<span class=\"elementor-screen-only\">Tiktok<\/span>\n\t\t\t\t\t\t<i class=\"fab fa-tiktok\"><\/i>\t\t\t\t\t<\/a>\n\t\t\t\t<\/span>\n\t\t\t\t\t<\/div>\n\t\t\t\t<\/div>\n\t\t\t\t<\/div>\n\t\t\t\t\t<\/div>\n\t\t<\/div>\n\t\t\t\t<div class=\"elementor-column elementor-col-50 elementor-inner-column elementor-element elementor-element-466f867\" data-id=\"466f867\" data-element_type=\"column\" data-settings=\"{&quot;background_background&quot;:&quot;classic&quot;}\">\n\t\t\t<div class=\"elementor-widget-wrap elementor-element-populated\">\n\t\t\t\t\t\t<div class=\"elementor-element elementor-element-6a12c77 elementor-widget elementor-widget-shortcode\" data-id=\"6a12c77\" data-element_type=\"widget\" data-widget_type=\"shortcode.default\">\n\t\t\t\t<div class=\"elementor-widget-container\">\n\t\t\t\t\t<div class=\"elementor-shortcode\"><div class=\"forminator-ui forminator-custom-form forminator-custom-form-1234 forminator-design--default  forminator_ajax\" data-forminator-render=\"0\" data-form=\"forminator-module-1234\" data-uid=\"6a0072dccad4e\"><br\/><\/div><form\n\t\t\t\tid=\"forminator-module-1234\"\n\t\t\t\tclass=\"forminator-ui forminator-custom-form forminator-custom-form-1234 forminator-design--default  forminator_ajax\"\n\t\t\t\tmethod=\"post\"\n\t\t\t\tdata-forminator-render=\"0\"\n\t\t\t\tdata-form-id=\"1234\"\n\t\t\t\t\n\t\t\t\tdata-design=\"default\"\n\t\t\t\t\n\t\t\t\t\n\t\t\t\t\n\t\t\t\tdata-grid=\"open\"\n\t\t\t\t\n\t\t\t\t\n\t\t\t\tstyle=\"display: none;\"\n\t\t\t\t\n\t\t\t\tdata-uid=\"6a0072dccad4e\" action=\"\"\n\t\t\t><div role=\"alert\" aria-live=\"polite\" class=\"forminator-response-message forminator-error\" aria-hidden=\"true\"><\/div><div class=\"forminator-row\"><div id=\"radio-1\" class=\"forminator-col forminator-col-12\"><div role=\"radiogroup\" class=\"forminator-field\" aria-labelledby=\"forminator-radiogroup-6a0072dccad4e-label\" aria-describedby=\"forminator-radiogroup-6a0072dccad4e-description\"><label id=\"forminator-field-radio-1-label-1\" for=\"forminator-field-radio-1-1-6a0072dccad4e\" class=\"forminator-radio forminator-radio-inline\" title=\"\u0ba4\u0bbf\u0bb0\u0bc1\"><input type=\"radio\" name=\"radio-1\" value=\"\u0ba4\u0bbf\u0bb0\u0bc1\" id=\"forminator-field-radio-1-1-6a0072dccad4e\" aria-labelledby=\"forminator-field-radio-1-label-1\" data-calculation=\"0\"   aria-describedby=\"forminator-field-radio-1-6a0072dccad4e-description\"\/><span class=\"forminator-radio-bullet\" aria-hidden=\"true\"><\/span><span class=\"forminator-radio-label\">\u0ba4\u0bbf\u0bb0\u0bc1<\/span><\/label><label id=\"forminator-field-radio-1-label-2\" for=\"forminator-field-radio-1-2-6a0072dccad4e\" class=\"forminator-radio forminator-radio-inline\" title=\"\u0ba4\u0bbf\u0bb0\u0bc1\u0bae\u0ba4\u0bbf\"><input type=\"radio\" name=\"radio-1\" value=\"\u0ba4\u0bbf\u0bb0\u0bc1\u0bae\u0ba4\u0bbf\" id=\"forminator-field-radio-1-2-6a0072dccad4e\" aria-labelledby=\"forminator-field-radio-1-label-2\" data-calculation=\"0\"   aria-describedby=\"forminator-field-radio-1-6a0072dccad4e-description\"\/><span class=\"forminator-radio-bullet\" aria-hidden=\"true\"><\/span><span class=\"forminator-radio-label\">\u0ba4\u0bbf\u0bb0\u0bc1\u0bae\u0ba4\u0bbf<\/span><\/label><\/div><\/div><\/div><div class=\"forminator-row\"><div id=\"name-1\" class=\"forminator-col forminator-col-6\"><div class=\"forminator-field\"><input type=\"text\" name=\"name-1\" value=\"\" placeholder=\"\u0bae\u0bc1\u0ba4\u0bb1\u0bcd\u0baa\u0bc6\u0baf\u0bb0\u0bcd\" id=\"forminator-field-name-1_6a0072dccad4e\" class=\"forminator-input forminator-name--field\" aria-required=\"true\" \/><\/div><\/div><div id=\"name-2\" class=\"forminator-col forminator-col-6\"><div class=\"forminator-field\"><input type=\"text\" name=\"name-2\" value=\"\" placeholder=\"\u0b95\u0bc1\u0b9f\u0bc1\u0bae\u0bcd\u0baa\u0baa\u0bcd\u0baa\u0bc6\u0baf\u0bb0\u0bcd\" id=\"forminator-field-name-2_6a0072dccad4e\" class=\"forminator-input forminator-name--field\" aria-required=\"true\" \/><\/div><\/div><\/div><div class=\"forminator-row\"><div id=\"email-1\" class=\"forminator-col forminator-col-6\"><div class=\"forminator-field\"><input type=\"email\" name=\"email-1\" value=\"\" placeholder=\"\u0bae\u0bbf\u0ba9\u0bcd\u0ba9\u0b9e\u0bcd\u0b9a\u0bb2\u0bcd \u0bae\u0bc1\u0b95\u0bb5\u0bb0\u0bbf\" id=\"forminator-field-email-1_6a0072dccad4e\" class=\"forminator-input forminator-email--field\" data-required=\"1\" aria-required=\"true\" \/><\/div><\/div><div id=\"phone-1\" class=\"forminator-col forminator-col-6\"><div class=\"forminator-field\"><input type=\"text\" name=\"phone-1\" value=\"\" placeholder=\"Mobile\" id=\"forminator-field-phone-1_6a0072dccad4e\" class=\"forminator-input forminator-field--phone\" data-required=\"1\" aria-required=\"true\" autocomplete=\"off\" data-national_mode=\"disabled\" data-country=\"fr\" data-validation=\"international\" \/><\/div><\/div><\/div><div class=\"forminator-row\"><div id=\"textarea-1\" class=\"forminator-col forminator-col-12\"><div class=\"forminator-field\"><textarea name=\"textarea-1\" placeholder=\"\u0b89\u0b99\u0bcd\u0b95\u0bb3\u0bcd \u0b9a\u0bc6\u0baf\u0bcd\u0ba4\u0bbf\u0baf\u0bc8 \u0b87\u0b99\u0bcd\u0b95\u0bc7 \u0b89\u0bb3\u0bcd\u0bb3\u0bbf\u0b9f\u0bb5\u0bc1\u0bae\u0bcd...\" id=\"forminator-field-textarea-1_6a0072dccad4e\" class=\"forminator-textarea\" rows=\"2\" style=\"min-height:20px;\" ><\/textarea><\/div><\/div><\/div><div class=\"forminator-row\"><div id=\"captcha-1\" class=\"forminator-col forminator-col-12\"><div class=\"forminator-g-recaptcha\" data-theme=\"light\"  data-sitekey=\"6Lc-0msqAAAAAGWUyjDxUbZsiQOmxZKTxL1py0qs\" data-size=\"normal\"><\/div> <\/div><\/div><input type=\"hidden\" name=\"referer_url\" value=\"\" \/><div class=\"forminator-row forminator-row-last\"><div class=\"forminator-col\"><div class=\"forminator-field\"><button class=\"forminator-button forminator-button-submit contact-form-submit\">\u0b85\u0ba9\u0bc1\u0baa\u0bcd\u0baa\u0bc1<\/button><\/div><\/div><\/div><input type=\"hidden\" id=\"forminator_nonce\" name=\"forminator_nonce\" value=\"1718aae422\" \/><input type=\"hidden\" name=\"_wp_http_referer\" value=\"\/ta\/wp-json\/wp\/v2\/pages\/572\" \/><input type=\"hidden\" name=\"form_id\" value=\"1234\"><input type=\"hidden\" name=\"page_id\" value=\"572\"><input type=\"hidden\" name=\"form_type\" value=\"default\"><input type=\"hidden\" name=\"current_url\" value=\"https:\/\/thirai.fr\/ta\/contact\/\"><input type=\"hidden\" name=\"render_id\" value=\"0\"><input type=\"hidden\" name=\"action\" value=\"forminator_submit_form_custom-forms\"><input type=\"hidden\" name=\"trp-form-language\" value=\"ta\"\/><\/form><\/div>\n\t\t\t\t<\/div>\n\t\t\t\t<\/div>\n\t\t\t\t\t<\/div>\n\t\t<\/div>\n\t\t\t\t\t<\/div>\n\t\t<\/section>\n\t\t\t\t\t<\/div>\n\t\t<\/div>\n\t\t\t\t\t<\/div>\n\t\t<\/section>\n\t\t\t\t<\/div>","protected":false},"excerpt":{"rendered":"<p>Prendre contact Restez \u00e0 l&rsquo;\u00e9coute pour des mises \u00e0 jour captivantes Une question ou une remarque ? \u00c9crivez-nous un message ! Nous nous engageons \u00e0 fournir \u00e0 nos clients la meilleure exp\u00e9rience possible. Informations sur le contact info@thirai.fr Facebook Instagram Twitter Tiktok<\/p>","protected":false},"author":1,"featured_media":0,"parent":0,"menu_order":0,"comment_status":"closed","ping_status":"closed","template":"","meta":{"footnotes":""},"class_list":["post-572","page","type-page","status-publish","hentry"],"_links":{"self":[{"href":"https:\/\/thirai.fr\/ta\/wp-json\/wp\/v2\/pages\/572","targetHints":{"allow":["GET"]}}],"collection":[{"href":"https:\/\/thirai.fr\/ta\/wp-json\/wp\/v2\/pages"}],"about":[{"href":"https:\/\/thirai.fr\/ta\/wp-json\/wp\/v2\/types\/page"}],"author":[{"embeddable":true,"href":"https:\/\/thirai.fr\/ta\/wp-json\/wp\/v2\/users\/1"}],"replies":[{"embeddable":true,"href":"https:\/\/thirai.fr\/ta\/wp-json\/wp\/v2\/comments?post=572"}],"version-history":[{"count":103,"href":"https:\/\/thirai.fr\/ta\/wp-json\/wp\/v2\/pages\/572\/revisions"}],"predecessor-version":[{"id":1240,"href":"https:\/\/thirai.fr\/ta\/wp-json\/wp\/v2\/pages\/572\/revisions\/1240"}],"wp:attachment":[{"href":"https:\/\/thirai.fr\/ta\/wp-json\/wp\/v2\/media?parent=572"}],"curies":[{"name":"wp","href":"https:\/\/api.w.org\/{rel}","templated":true}]}}